{"id":11,"date":"2025-11-21T12:24:46","date_gmt":"2025-11-21T11:24:46","guid":{"rendered":"https:\/\/i-zidor.pl\/?page_id=11"},"modified":"2025-11-21T14:18:12","modified_gmt":"2025-11-21T13:18:12","slug":"11-2","status":"publish","type":"page","link":"https:\/\/i-zidor.pl\/","title":{"rendered":"Biuro rachunkowe     I &#8211; ZIDOR"},"content":{"rendered":"\n<div class=\"wp-block-group alignfull is-style-default has-base-background-color has-background has-global-padding is-layout-constrained wp-container-core-group-is-layout-0c9c989a wp-block-group-is-layout-constrained\" style=\"min-height:0vh;margin-top:0;margin-bottom:0;padding-top:var(--wp--preset--spacing--70);padding-right:var(--wp--preset--spacing--40);padding-bottom:var(--wp--preset--spacing--70);padding-left:var(--wp--preset--spacing--40)\">\n<figure class=\"wp-block-image aligncenter size-full is-resized has-custom-border is-style-default\" style=\"margin-top:0;margin-right:0;margin-bottom:0;margin-left:0\"><img loading=\"lazy\" decoding=\"async\" width=\"1024\" height=\"1024\" src=\"https:\/\/i-zidor.pl\/wp-content\/uploads\/2025\/11\/logo-rb1.png\" alt=\"\" class=\"wp-image-25\" style=\"border-style:none;border-width:0px;border-radius:0px;aspect-ratio:1.7777777777777777;object-fit:cover;width:496px;height:auto\" srcset=\"https:\/\/i-zidor.pl\/wp-content\/uploads\/2025\/11\/logo-rb1.png 1024w, https:\/\/i-zidor.pl\/wp-content\/uploads\/2025\/11\/logo-rb1-300x300.png 300w, https:\/\/i-zidor.pl\/wp-content\/uploads\/2025\/11\/logo-rb1-150x150.png 150w, https:\/\/i-zidor.pl\/wp-content\/uploads\/2025\/11\/logo-rb1-768x768.png 768w\" sizes=\"auto, (max-width: 1024px) 100vw, 1024px\" \/><\/figure>\n\n\n\n<h2 class=\"wp-block-heading has-text-align-center\"><strong>Profesjonalne us\u0142ugi ksi\u0119gowo-kadrowe<\/strong><\/h2>\n\n\n\n<p class=\"has-text-align-center\">Nowoczesne biuro rachunkowe dla firm, kt\u00f3re oczekuj\u0105: rzetelno\u015bci, bezpiecze\u0144stwa i pe\u0142nej przejrzysto\u015bci finans\u00f3w.<\/p>\n<\/div>\n\n\n\n<div class=\"wp-block-group alignfull is-style-default has-base-background-color has-background has-global-padding is-layout-constrained wp-container-core-group-is-layout-4e1c915b wp-block-group-is-layout-constrained\" style=\"min-height:0vh;margin-top:0;margin-bottom:0;padding-top:var(--wp--preset--spacing--70);padding-right:var(--wp--preset--spacing--20);padding-bottom:var(--wp--preset--spacing--70);padding-left:var(--wp--preset--spacing--20);background-image:url(&apos;http:\/\/i-zidor.pl\/wp-content\/uploads\/2025\/11\/AdobeStock_378341179-scaled.jpeg&apos;);background-position:52% 51%;background-size:cover;background-attachment:fixed;\">\n<p class=\"has-text-align-center has-base-color has-text-color has-background has-link-color wp-elements-1479ee71ad16001dcda6bbaae8ceaad6\" style=\"border-radius:100px;background-color:#00000073\">Jeste\u015bmy biurem rachunkowym dzia\u0142aj\u0105cym <strong>nieprzerwanie od 2010 roku<\/strong>.<\/p>\n\n\n\n<p class=\"has-text-align-center has-base-color has-text-color has-background has-link-color wp-elements-c45b645c678700271ad28517fe60a1ba\" style=\"border-radius:100px;background-color:#00000073\">Przez ten czas zaufa\u0142o nam <strong>wielu przedsi\u0119biorc\u00f3w<\/strong>, kt\u00f3rzy ceni\u0105 nas za rzetelno\u015b\u0107, indywidualne podej\u015bcie i jasn\u0105, przyjazn\u0105 komunikacj\u0119.<\/p>\n\n\n\n<p class=\"has-text-align-center has-base-color has-text-color has-background has-link-color wp-elements-8c1a7ba00d2ac2ef43feac4f6719a174\" style=\"border-radius:100px;background-color:#00000073\">Dbamy o to, aby nasi klienci mieli pewno\u015b\u0107, \u017ce ich finanse s\u0105 w dobrych r\u0119kach \u2014 zawsze terminowo, profesjonalnie i bez zb\u0119dnych komplikacji.<\/p>\n<\/div>\n\n\n\n<div class=\"wp-block-group alignfull has-global-padding is-layout-constrained wp-container-core-group-is-layout-ebee8dc1 wp-block-group-is-layout-constrained\" style=\"margin-top:0;margin-bottom:0;padding-top:var(--wp--preset--spacing--50);padding-bottom:var(--wp--preset--spacing--50)\">\n<h2 class=\"wp-block-heading alignwide\">Nasze us\u0142ugi<\/h2>\n\n\n\n<div class=\"wp-block-columns alignwide is-layout-flex wp-container-core-columns-is-layout-28f84493 wp-block-columns-is-layout-flex\">\n<div class=\"wp-block-column is-layout-flow wp-block-column-is-layout-flow\">\n<figure class=\"wp-block-image size-full is-style-rounded\" style=\"margin-bottom:24px\"><img loading=\"lazy\" decoding=\"async\" width=\"2560\" height=\"1707\" src=\"http:\/\/i-zidor.pl\/wp-content\/uploads\/2025\/11\/AdobeStock_279581774-scaled.jpeg\" alt=\"\" class=\"wp-image-37\" style=\"aspect-ratio:4\/3;object-fit:cover\" srcset=\"https:\/\/i-zidor.pl\/wp-content\/uploads\/2025\/11\/AdobeStock_279581774-scaled.jpeg 2560w, https:\/\/i-zidor.pl\/wp-content\/uploads\/2025\/11\/AdobeStock_279581774-300x200.jpeg 300w, https:\/\/i-zidor.pl\/wp-content\/uploads\/2025\/11\/AdobeStock_279581774-1024x683.jpeg 1024w, https:\/\/i-zidor.pl\/wp-content\/uploads\/2025\/11\/AdobeStock_279581774-768x512.jpeg 768w, https:\/\/i-zidor.pl\/wp-content\/uploads\/2025\/11\/AdobeStock_279581774-1536x1024.jpeg 1536w, https:\/\/i-zidor.pl\/wp-content\/uploads\/2025\/11\/AdobeStock_279581774-2048x1365.jpeg 2048w\" sizes=\"auto, (max-width: 2560px) 100vw, 2560px\" \/><\/figure>\n\n\n\n<h3 class=\"wp-block-heading has-text-align-center\">Us\u0142ugi ksi\u0119gowe<\/h3>\n\n\n\n<p class=\"has-text-align-center has-medium-font-size\">Obs\u0142ugujemy kompleksowo poczynaj\u0105c od <strong>najmniejszych <\/strong>dzia\u0142alno\u015bci ko\u0144cz\u0105c na <strong>najwi\u0119kszych <\/strong>podmiotach <\/p>\n<\/div>\n\n\n\n<div class=\"wp-block-column is-layout-flow wp-block-column-is-layout-flow\">\n<figure class=\"wp-block-image size-full is-style-rounded\" style=\"margin-bottom:24px\"><img loading=\"lazy\" decoding=\"async\" width=\"2560\" height=\"1707\" src=\"http:\/\/i-zidor.pl\/wp-content\/uploads\/2025\/11\/AdobeStock_176193007-scaled.jpeg\" alt=\"\" class=\"wp-image-29\" style=\"aspect-ratio:4\/3;object-fit:cover\" srcset=\"https:\/\/i-zidor.pl\/wp-content\/uploads\/2025\/11\/AdobeStock_176193007-scaled.jpeg 2560w, https:\/\/i-zidor.pl\/wp-content\/uploads\/2025\/11\/AdobeStock_176193007-300x200.jpeg 300w, https:\/\/i-zidor.pl\/wp-content\/uploads\/2025\/11\/AdobeStock_176193007-1024x683.jpeg 1024w, https:\/\/i-zidor.pl\/wp-content\/uploads\/2025\/11\/AdobeStock_176193007-768x512.jpeg 768w, https:\/\/i-zidor.pl\/wp-content\/uploads\/2025\/11\/AdobeStock_176193007-1536x1024.jpeg 1536w, https:\/\/i-zidor.pl\/wp-content\/uploads\/2025\/11\/AdobeStock_176193007-2048x1365.jpeg 2048w\" sizes=\"auto, (max-width: 2560px) 100vw, 2560px\" \/><\/figure>\n\n\n\n<h3 class=\"wp-block-heading has-text-align-center\">Us\u0142ugi kadrowo &#8211; p\u0142acowe<\/h3>\n\n\n\n<p class=\"has-text-align-center has-medium-font-size\">Oferujemy <strong>pe\u0142n\u0105 obs\u0142ug\u0119<\/strong> kadrowo-p\u0142acow\u0105<\/p>\n<\/div>\n\n\n\n<div class=\"wp-block-column is-layout-flow wp-block-column-is-layout-flow\">\n<figure class=\"wp-block-image size-full is-style-rounded\" style=\"margin-bottom:24px\"><img loading=\"lazy\" decoding=\"async\" width=\"2560\" height=\"975\" src=\"http:\/\/i-zidor.pl\/wp-content\/uploads\/2025\/11\/AdobeStock_159257772-scaled.jpeg\" alt=\"\" class=\"wp-image-33\" style=\"aspect-ratio:4\/3;object-fit:cover\" srcset=\"https:\/\/i-zidor.pl\/wp-content\/uploads\/2025\/11\/AdobeStock_159257772-scaled.jpeg 2560w, https:\/\/i-zidor.pl\/wp-content\/uploads\/2025\/11\/AdobeStock_159257772-300x114.jpeg 300w, https:\/\/i-zidor.pl\/wp-content\/uploads\/2025\/11\/AdobeStock_159257772-1024x390.jpeg 1024w, https:\/\/i-zidor.pl\/wp-content\/uploads\/2025\/11\/AdobeStock_159257772-768x293.jpeg 768w, https:\/\/i-zidor.pl\/wp-content\/uploads\/2025\/11\/AdobeStock_159257772-1536x585.jpeg 1536w, https:\/\/i-zidor.pl\/wp-content\/uploads\/2025\/11\/AdobeStock_159257772-2048x780.jpeg 2048w\" sizes=\"auto, (max-width: 2560px) 100vw, 2560px\" \/><\/figure>\n\n\n\n<h3 class=\"wp-block-heading has-text-align-center\">Systemy ERP<\/h3>\n\n\n\n<p class=\"has-text-align-center has-medium-font-size\">Oferujemy systemy ERP dostosowane do potrzeb klienta <\/p>\n<\/div>\n<\/div>\n<\/div>\n\n\n\n<div class=\"wp-block-group alignfull has-global-padding is-layout-constrained wp-block-group-is-layout-constrained\" style=\"margin-top:0;margin-bottom:0;padding-top:var(--wp--preset--spacing--60);padding-bottom:var(--wp--preset--spacing--60)\">\n<h2 class=\"wp-block-heading alignwide has-text-align-center\">Cennik<\/h2>\n\n\n\n<p class=\"has-text-align-center\">Anuluj lub wstrzymaj w dowolnym momencie.<\/p>\n\n\n\n<div style=\"height:var(--wp--preset--spacing--40)\" aria-hidden=\"true\" class=\"wp-block-spacer\"><\/div>\n\n\n\n<div class=\"wp-block-columns alignwide is-layout-flex wp-container-core-columns-is-layout-1d9f35bd wp-block-columns-is-layout-flex\">\n<div class=\"wp-block-column has-border-color is-layout-flow wp-block-column-is-layout-flow\" style=\"border-color:var(--wp--preset--color--accent-6);border-width:1px;border-radius:10px;padding-top:var(--wp--preset--spacing--50);padding-right:var(--wp--preset--spacing--50);padding-bottom:var(--wp--preset--spacing--50);padding-left:var(--wp--preset--spacing--50)\">\n<h3 class=\"wp-block-heading\" id=\"free\">Obs\u0142uga Sp\u00f3\u0142ki Z O.O. \/ Sp\u00f3\u0142ki Akcyjnej \/ Prostej S.A.<\/h3>\n\n\n\n<p class=\"has-large-font-size\"><strong>Od 799 z\u0142 netto \/ miesi\u0105c<\/strong><\/p>\n\n\n\n<ul style=\"padding-bottom:var(--wp--preset--spacing--20);padding-left:var(--wp--preset--spacing--20)\" class=\"wp-block-list is-style-checkmark-list has-small-font-size\">\n<li>Do 10 dokument\u00f3w<\/li>\n\n\n\n<li>Wysy\u0142ka VAT<\/li>\n\n\n\n<li>Kontakty z Administracj\u0105 Skarbow\u0105<\/li>\n<\/ul>\n\n\n\n<div class=\"wp-block-buttons is-content-justification-center is-layout-flex wp-container-core-buttons-is-layout-a89b3969 wp-block-buttons-is-layout-flex\">\n<div class=\"wp-block-button has-custom-width wp-block-button__width-100\"><a class=\"wp-block-button__link wp-element-button\">Otrzymaj wycen\u0119<\/a><\/div>\n<\/div>\n<\/div>\n\n\n\n<div class=\"wp-block-column has-border-color is-layout-flow wp-block-column-is-layout-flow\" style=\"border-color:var(--wp--preset--color--accent-6);border-width:1px;border-radius:10px;padding-top:var(--wp--preset--spacing--50);padding-right:var(--wp--preset--spacing--50);padding-bottom:var(--wp--preset--spacing--50);padding-left:var(--wp--preset--spacing--50)\">\n<h3 class=\"wp-block-heading\" id=\"single\">Fundacja rodzinna \/ stowarzyszenie<\/h3>\n\n\n\n<p class=\"has-large-font-size\"><strong>Od 899 z\u0142 netto \/ miesi\u0105c<\/strong><\/p>\n\n\n\n<ul style=\"padding-bottom:var(--wp--preset--spacing--20);padding-left:var(--wp--preset--spacing--20)\" class=\"wp-block-list is-style-checkmark-list has-small-font-size\">\n<li>Skontaktuj si\u0119 i otrzymaj indywidualn\u0105 ofert\u0119<\/li>\n\n\n\n<li>Do\u0142\u0105cz do naszych zadowolonych klient\u00f3w<\/li>\n\n\n\n<li>Korzystaj z pomocy naszych specjalist\u00f3w<\/li>\n<\/ul>\n\n\n\n<div class=\"wp-block-buttons is-content-justification-center is-layout-flex wp-container-core-buttons-is-layout-a89b3969 wp-block-buttons-is-layout-flex\">\n<div class=\"wp-block-button has-custom-width wp-block-button__width-100\"><a class=\"wp-block-button__link wp-element-button\">Otrzymaj wycen\u0119<\/a><\/div>\n<\/div>\n<\/div>\n<\/div>\n<\/div>\n\n\n\n<aside class=\"wp-block-group alignfull is-style-section-3 has-background has-global-padding is-layout-constrained wp-container-core-group-is-layout-f0f2a97b wp-block-group-is-layout-constrained is-style-section-3--1\" style=\"background-color:#ffa500;margin-top:0;margin-bottom:0;padding-top:var(--wp--preset--spacing--50);padding-right:var(--wp--preset--spacing--50);padding-bottom:var(--wp--preset--spacing--50);padding-left:var(--wp--preset--spacing--50)\">\n<div class=\"wp-block-group is-vertical is-content-justification-center is-layout-flex wp-container-core-group-is-layout-8778ca4a wp-block-group-is-layout-flex\" style=\"min-height:360px;margin-top:0;margin-bottom:0\">\n<h2 class=\"wp-block-heading has-text-align-center has-xx-large-font-size\">Skontaktuj si\u0119<\/h2>\n\n\n\n<p class=\"has-text-align-center is-style-text-subtitle is-style-text-subtitle--2\">napisz, zadzwo\u0144 lub um\u00f3w si\u0119 na spotkanie<\/p>\n\n\n\n<p><strong>I-ZIDOR SP. Z O.O.<\/strong><\/p>\n\n\n\n<p class=\"has-text-align-center\">ul. Zgoda 5\/8, 00-018 Warszawa<\/p>\n\n\n\n<p class=\"has-text-align-center\">lub<br>ul. Dluga 26\/12, 96-515 Teresin<\/p>\n\n\n\n<p> e-mail: biuro@i-zidor.pl<\/p>\n\n\n\n<p>telefon: 694-473-854<\/p>\n\n\n\n<div style=\"height:0px\" aria-hidden=\"true\" class=\"wp-block-spacer wp-container-content-62aae154\"><\/div>\n\n\n\n<div class=\"wp-block-buttons is-content-justification-center is-layout-flex wp-container-core-buttons-is-layout-a89b3969 wp-block-buttons-is-layout-flex\">\n<div class=\"wp-block-button\"><a class=\"wp-block-button__link has-text-align-center wp-element-button\">Formularz kontaktowy<\/a><\/div>\n<\/div>\n<\/div>\n<\/aside>\n\n\n\n<p><\/p>\n","protected":false},"excerpt":{"rendered":"<p>Profesjonalne us\u0142ugi ksi\u0119gowo-kadrowe Nowoczesne biuro rachunkowe dla firm, kt\u00f3re oczekuj\u0105: rzetelno\u015bci, bezpiecze\u0144stwa i pe\u0142nej przejrzysto\u015bci finans\u00f3w. Jeste\u015bmy biurem rachunkowym dzia\u0142aj\u0105cym nieprzerwanie od 2010 roku. Przez ten czas zaufa\u0142o nam wielu przedsi\u0119biorc\u00f3w, kt\u00f3rzy ceni\u0105 nas za rzetelno\u015b\u0107, indywidualne podej\u015bcie i jasn\u0105, przyjazn\u0105 komunikacj\u0119. Dbamy o to, aby nasi klienci mieli pewno\u015b\u0107, \u017ce ich finanse s\u0105 w [&hellip;]<\/p>\n","protected":false},"author":1,"featured_media":0,"parent":0,"menu_order":1,"comment_status":"closed","ping_status":"closed","template":"","meta":{"footnotes":""},"class_list":["post-11","page","type-page","status-publish","hentry"],"_links":{"self":[{"href":"https:\/\/i-zidor.pl\/index.php?rest_route=\/wp\/v2\/pages\/11","targetHints":{"allow":["GET"]}}],"collection":[{"href":"https:\/\/i-zidor.pl\/index.php?rest_route=\/wp\/v2\/pages"}],"about":[{"href":"https:\/\/i-zidor.pl\/index.php?rest_route=\/wp\/v2\/types\/page"}],"author":[{"embeddable":true,"href":"https:\/\/i-zidor.pl\/index.php?rest_route=\/wp\/v2\/users\/1"}],"replies":[{"embeddable":true,"href":"https:\/\/i-zidor.pl\/index.php?rest_route=%2Fwp%2Fv2%2Fcomments&post=11"}],"version-history":[{"count":31,"href":"https:\/\/i-zidor.pl\/index.php?rest_route=\/wp\/v2\/pages\/11\/revisions"}],"predecessor-version":[{"id":61,"href":"https:\/\/i-zidor.pl\/index.php?rest_route=\/wp\/v2\/pages\/11\/revisions\/61"}],"wp:attachment":[{"href":"https:\/\/i-zidor.pl\/index.php?rest_route=%2Fwp%2Fv2%2Fmedia&parent=11"}],"curies":[{"name":"wp","href":"https:\/\/api.w.org\/{rel}","templated":true}]}}